{"id":912,"date":"2015-11-10T19:31:51","date_gmt":"2015-11-10T18:31:51","guid":{"rendered":"http:\/\/future-forever.de\/?page_id=912"},"modified":"2015-11-10T19:37:43","modified_gmt":"2015-11-10T18:37:43","slug":"tempberaturen-2015","status":"publish","type":"page","link":"https:\/\/future-forever.de\/?page_id=912","title":{"rendered":"Temperatur 2015"},"content":{"rendered":"<p>Die Temperaturen wurden am Standort<br \/>\nRaschauer Weg 20<br \/>\n08527 Plauen OT Unterlosa<br \/>\ngemessen.<\/p>\n<p>Erkl\u00e4rung:\u00a0 Rote Linie = Temperatur \/\/\/\u00a0 Gr\u00fcne Linie = Taupunkt<\/p>\n<p>Die Messungen werden im Freien Feld in einer h\u00f6he von 2 Meter \u00fcber Boden<br \/>\nund 440 Meter \u00fcber Null ( Meeresspiegel ) gemessen.<\/p>\n<p>&nbsp;<\/p>\n<p>Januar 2015<\/p>\n<p><a rel=\"attachment wp-att-914\" href=\"http:\/\/future-forever.de\/?attachment_id=914\"><img loading=\"lazy\" decoding=\"async\" class=\"aligncenter size-full wp-image-914\" title=\"Jan-2015\" src=\"http:\/\/future-forever.de\/wp-content\/uploads\/2015\/11\/Jan-2015.jpg\" alt=\"\" width=\"807\" height=\"605\" srcset=\"https:\/\/future-forever.de\/wp-content\/uploads\/2015\/11\/Jan-2015.jpg 1024w, https:\/\/future-forever.de\/wp-content\/uploads\/2015\/11\/Jan-2015-300x225.jpg 300w\" sizes=\"(max-width: 807px) 100vw, 807px\" \/><\/a><\/p>\n<p>Februar 2015<\/p>\n<p><a rel=\"attachment wp-att-915\" href=\"http:\/\/future-forever.de\/?attachment_id=915\"><img loading=\"lazy\" decoding=\"async\" class=\"aligncenter size-full wp-image-915\" title=\"Feb-2015\" src=\"http:\/\/future-forever.de\/wp-content\/uploads\/2015\/11\/Feb-2015.jpg\" alt=\"\" width=\"806\" height=\"604\" srcset=\"https:\/\/future-forever.de\/wp-content\/uploads\/2015\/11\/Feb-2015.jpg 1024w, https:\/\/future-forever.de\/wp-content\/uploads\/2015\/11\/Feb-2015-300x225.jpg 300w\" sizes=\"(max-width: 806px) 100vw, 806px\" \/><\/a><\/p>\n<p>M\u00e4rz 2015<\/p>\n<p><a rel=\"attachment wp-att-916\" href=\"http:\/\/future-forever.de\/?attachment_id=916\"><img loading=\"lazy\" decoding=\"async\" class=\"aligncenter size-full wp-image-916\" title=\"M\u00e4rz-2015\" src=\"http:\/\/future-forever.de\/wp-content\/uploads\/2015\/11\/M\u00e4rz-2015.jpg\" alt=\"\" width=\"806\" height=\"604\" srcset=\"https:\/\/future-forever.de\/wp-content\/uploads\/2015\/11\/M\u00e4rz-2015.jpg 1024w, https:\/\/future-forever.de\/wp-content\/uploads\/2015\/11\/M\u00e4rz-2015-300x225.jpg 300w\" sizes=\"(max-width: 806px) 100vw, 806px\" \/><\/a><\/p>\n<p>April 2015<\/p>\n<p><a rel=\"attachment wp-att-917\" href=\"http:\/\/future-forever.de\/?attachment_id=917\"><img loading=\"lazy\" decoding=\"async\" class=\"aligncenter size-full wp-image-917\" title=\"April-2015\" src=\"http:\/\/future-forever.de\/wp-content\/uploads\/2015\/11\/April-2015.jpg\" alt=\"\" width=\"806\" height=\"604\" srcset=\"https:\/\/future-forever.de\/wp-content\/uploads\/2015\/11\/April-2015.jpg 1024w, https:\/\/future-forever.de\/wp-content\/uploads\/2015\/11\/April-2015-300x225.jpg 300w\" sizes=\"(max-width: 806px) 100vw, 806px\" \/><\/a><\/p>\n<p>Mai 2015<\/p>\n<p><a rel=\"attachment wp-att-918\" href=\"http:\/\/future-forever.de\/?attachment_id=918\"><img loading=\"lazy\" decoding=\"async\" class=\"aligncenter size-full wp-image-918\" title=\"Mai-2015\" src=\"http:\/\/future-forever.de\/wp-content\/uploads\/2015\/11\/Mai-2015.jpg\" alt=\"\" width=\"807\" height=\"605\" srcset=\"https:\/\/future-forever.de\/wp-content\/uploads\/2015\/11\/Mai-2015.jpg 1024w, https:\/\/future-forever.de\/wp-content\/uploads\/2015\/11\/Mai-2015-300x225.jpg 300w\" sizes=\"(max-width: 807px) 100vw, 807px\" \/><\/a><\/p>\n<p>Juni 2015<\/p>\n<p><a rel=\"attachment wp-att-923\" href=\"http:\/\/future-forever.de\/?attachment_id=923\"><img loading=\"lazy\" decoding=\"async\" class=\"aligncenter size-full wp-image-923\" title=\"Juni-2015\" src=\"http:\/\/future-forever.de\/wp-content\/uploads\/2015\/11\/Juni-2015.jpg\" alt=\"\" width=\"806\" height=\"604\" srcset=\"https:\/\/future-forever.de\/wp-content\/uploads\/2015\/11\/Juni-2015.jpg 1024w, https:\/\/future-forever.de\/wp-content\/uploads\/2015\/11\/Juni-2015-300x225.jpg 300w\" sizes=\"(max-width: 806px) 100vw, 806px\" \/><\/a><\/p>\n<p>Juli 2015<\/p>\n<p><a rel=\"attachment wp-att-925\" href=\"http:\/\/future-forever.de\/?attachment_id=925\"><img loading=\"lazy\" decoding=\"async\" class=\"aligncenter size-full wp-image-925\" title=\"Juli-2015\" src=\"http:\/\/future-forever.de\/wp-content\/uploads\/2015\/11\/Juli-2015.jpg\" alt=\"\" width=\"806\" height=\"604\" srcset=\"https:\/\/future-forever.de\/wp-content\/uploads\/2015\/11\/Juli-2015.jpg 1024w, https:\/\/future-forever.de\/wp-content\/uploads\/2015\/11\/Juli-2015-300x225.jpg 300w\" sizes=\"(max-width: 806px) 100vw, 806px\" \/><\/a><\/p>\n<p>August 2015<\/p>\n<p><a rel=\"attachment wp-att-926\" href=\"http:\/\/future-forever.de\/?attachment_id=926\"><img loading=\"lazy\" decoding=\"async\" class=\"aligncenter size-full wp-image-926\" title=\"August-2015\" src=\"http:\/\/future-forever.de\/wp-content\/uploads\/2015\/11\/August-2015.jpg\" alt=\"\" width=\"807\" height=\"605\" srcset=\"https:\/\/future-forever.de\/wp-content\/uploads\/2015\/11\/August-2015.jpg 1024w, https:\/\/future-forever.de\/wp-content\/uploads\/2015\/11\/August-2015-300x225.jpg 300w\" sizes=\"(max-width: 807px) 100vw, 807px\" \/><\/a><\/p>\n<p>Septemper 2015<\/p>\n<p><a rel=\"attachment wp-att-927\" href=\"http:\/\/future-forever.de\/?attachment_id=927\"><img loading=\"lazy\" decoding=\"async\" class=\"aligncenter size-full wp-image-927\" title=\"Sep-2015\" src=\"http:\/\/future-forever.de\/wp-content\/uploads\/2015\/11\/Sep-2015.jpg\" alt=\"\" width=\"808\" height=\"606\" srcset=\"https:\/\/future-forever.de\/wp-content\/uploads\/2015\/11\/Sep-2015.jpg 1024w, https:\/\/future-forever.de\/wp-content\/uploads\/2015\/11\/Sep-2015-300x225.jpg 300w\" sizes=\"(max-width: 808px) 100vw, 808px\" \/><\/a><\/p>\n<p>Oktober 2015<\/p>\n<p><a rel=\"attachment wp-att-928\" href=\"http:\/\/future-forever.de\/?attachment_id=928\"><img loading=\"lazy\" decoding=\"async\" class=\"aligncenter size-full wp-image-928\" title=\"Okt-2015\" src=\"http:\/\/future-forever.de\/wp-content\/uploads\/2015\/11\/Okt-2015.jpg\" alt=\"\" width=\"807\" height=\"605\" srcset=\"https:\/\/future-forever.de\/wp-content\/uploads\/2015\/11\/Okt-2015.jpg 1024w, https:\/\/future-forever.de\/wp-content\/uploads\/2015\/11\/Okt-2015-300x225.jpg 300w\" sizes=\"(max-width: 807px) 100vw, 807px\" \/><\/a><\/p>\n","protected":false},"excerpt":{"rendered":"<p>Die Temperaturen wurden am Standort Raschauer Weg 20 08527 Plauen OT Unterlosa gemessen. Erkl\u00e4rung:\u00a0 Rote Linie = Temperatur \/\/\/\u00a0 Gr\u00fcne Linie = Taupunkt Die Messungen werden im Freien Feld in einer h\u00f6he von 2 Meter \u00fcber Boden und 440 Meter \u00fcber Null ( Meeresspiegel ) gemessen. &nbsp; Januar 2015 Februar 2015 M\u00e4rz 2015 April 2015 [&hellip;]<\/p>\n","protected":false},"author":2,"featured_media":0,"parent":298,"menu_order":10,"comment_status":"open","ping_status":"open","template":"","meta":{"footnotes":""},"class_list":["post-912","page","type-page","status-publish","hentry"],"_links":{"self":[{"href":"https:\/\/future-forever.de\/index.php?rest_route=\/wp\/v2\/pages\/912"}],"collection":[{"href":"https:\/\/future-forever.de\/index.php?rest_route=\/wp\/v2\/pages"}],"about":[{"href":"https:\/\/future-forever.de\/index.php?rest_route=\/wp\/v2\/types\/page"}],"author":[{"embeddable":true,"href":"https:\/\/future-forever.de\/index.php?rest_route=\/wp\/v2\/users\/2"}],"replies":[{"embeddable":true,"href":"https:\/\/future-forever.de\/index.php?rest_route=%2Fwp%2Fv2%2Fcomments&post=912"}],"version-history":[{"count":10,"href":"https:\/\/future-forever.de\/index.php?rest_route=\/wp\/v2\/pages\/912\/revisions"}],"predecessor-version":[{"id":932,"href":"https:\/\/future-forever.de\/index.php?rest_route=\/wp\/v2\/pages\/912\/revisions\/932"}],"up":[{"embeddable":true,"href":"https:\/\/future-forever.de\/index.php?rest_route=\/wp\/v2\/pages\/298"}],"wp:attachment":[{"href":"https:\/\/future-forever.de\/index.php?rest_route=%2Fwp%2Fv2%2Fmedia&parent=912"}],"curies":[{"name":"wp","href":"https:\/\/api.w.org\/{rel}","templated":true}]}}