{"id":888,"date":"2015-11-10T19:23:57","date_gmt":"2015-11-10T18:23:57","guid":{"rendered":"http:\/\/future-forever.de\/?page_id=888"},"modified":"2015-11-10T19:40:10","modified_gmt":"2015-11-10T18:40:10","slug":"temperaturen-2014","status":"publish","type":"page","link":"https:\/\/future-forever.de\/?page_id=888","title":{"rendered":"Temperatur 2014"},"content":{"rendered":"<p>Die Temperaturen wurden am Standort<br \/>\nRaschauer Weg 20<br \/>\n08527 Plauen OT Unterlosa<br \/>\ngemessen.<\/p>\n<p>Erkl\u00e4rung:\u00a0 Rote Linie = Temperatur \/\/\/\u00a0 Gr\u00fcne Linie = Taupunkt<\/p>\n<p>Die Messungen werden im Freien Feld in einer h\u00f6he von 2 Meter \u00fcber Boden<br \/>\nund 440 Meter \u00fcber Null ( Meeresspiegel ) gemessen.<\/p>\n<p>Januar 2014<\/p>\n<p><a rel=\"attachment wp-att-894\" href=\"http:\/\/future-forever.de\/?attachment_id=894\"><img loading=\"lazy\" decoding=\"async\" class=\"aligncenter size-full wp-image-894\" title=\"Jan-2014\" src=\"http:\/\/future-forever.de\/wp-content\/uploads\/2015\/11\/Jan-20142.jpg\" alt=\"\" width=\"807\" height=\"605\" srcset=\"https:\/\/future-forever.de\/wp-content\/uploads\/2015\/11\/Jan-20142.jpg 1024w, https:\/\/future-forever.de\/wp-content\/uploads\/2015\/11\/Jan-20142-300x225.jpg 300w\" sizes=\"(max-width: 807px) 100vw, 807px\" \/><\/a><\/p>\n<p>&nbsp;<\/p>\n<p>Feburar 2014<\/p>\n<p><a rel=\"attachment wp-att-895\" href=\"http:\/\/future-forever.de\/?attachment_id=895\"><img loading=\"lazy\" decoding=\"async\" class=\"aligncenter size-full wp-image-895\" title=\"Feb-2014\" src=\"http:\/\/future-forever.de\/wp-content\/uploads\/2015\/11\/Feb-2014.jpg\" alt=\"\" width=\"806\" height=\"604\" srcset=\"https:\/\/future-forever.de\/wp-content\/uploads\/2015\/11\/Feb-2014.jpg 1024w, https:\/\/future-forever.de\/wp-content\/uploads\/2015\/11\/Feb-2014-300x225.jpg 300w\" sizes=\"(max-width: 806px) 100vw, 806px\" \/><\/a><\/p>\n<p>&nbsp;<\/p>\n<p>M\u00e4rz 2014<\/p>\n<p><a rel=\"attachment wp-att-896\" href=\"http:\/\/future-forever.de\/?attachment_id=896\"><img loading=\"lazy\" decoding=\"async\" class=\"aligncenter size-full wp-image-896\" title=\"Maerz-2014\" src=\"http:\/\/future-forever.de\/wp-content\/uploads\/2015\/11\/Maerz-2014.jpg\" alt=\"\" width=\"808\" height=\"606\" srcset=\"https:\/\/future-forever.de\/wp-content\/uploads\/2015\/11\/Maerz-2014.jpg 1024w, https:\/\/future-forever.de\/wp-content\/uploads\/2015\/11\/Maerz-2014-300x225.jpg 300w\" sizes=\"(max-width: 808px) 100vw, 808px\" \/><\/a><\/p>\n<p>&nbsp;<\/p>\n<p>April 2014<\/p>\n<p><a rel=\"attachment wp-att-898\" href=\"http:\/\/future-forever.de\/?attachment_id=898\"><img loading=\"lazy\" decoding=\"async\" class=\"aligncenter size-full wp-image-898\" title=\"April-2014\" src=\"http:\/\/future-forever.de\/wp-content\/uploads\/2015\/11\/April-20141.jpg\" alt=\"\" width=\"806\" height=\"604\" srcset=\"https:\/\/future-forever.de\/wp-content\/uploads\/2015\/11\/April-20141.jpg 1024w, https:\/\/future-forever.de\/wp-content\/uploads\/2015\/11\/April-20141-300x225.jpg 300w\" sizes=\"(max-width: 806px) 100vw, 806px\" \/><\/a><\/p>\n<p>Mai 2015<\/p>\n<p><a rel=\"attachment wp-att-899\" href=\"http:\/\/future-forever.de\/?attachment_id=899\"><img loading=\"lazy\" decoding=\"async\" class=\"aligncenter size-full wp-image-899\" title=\"Mai-2014\" src=\"http:\/\/future-forever.de\/wp-content\/uploads\/2015\/11\/Mai-2014.jpg\" alt=\"\" width=\"808\" height=\"606\" srcset=\"https:\/\/future-forever.de\/wp-content\/uploads\/2015\/11\/Mai-2014.jpg 1024w, https:\/\/future-forever.de\/wp-content\/uploads\/2015\/11\/Mai-2014-300x225.jpg 300w\" sizes=\"(max-width: 808px) 100vw, 808px\" \/><\/a><\/p>\n<p>Juni 2014<\/p>\n<p><a rel=\"attachment wp-att-900\" href=\"http:\/\/future-forever.de\/?attachment_id=900\"><img loading=\"lazy\" decoding=\"async\" class=\"aligncenter size-full wp-image-900\" title=\"Juni-2014\" src=\"http:\/\/future-forever.de\/wp-content\/uploads\/2015\/11\/Juni-2014.jpg\" alt=\"\" width=\"806\" height=\"605\" srcset=\"https:\/\/future-forever.de\/wp-content\/uploads\/2015\/11\/Juni-2014.jpg 1024w, https:\/\/future-forever.de\/wp-content\/uploads\/2015\/11\/Juni-2014-300x225.jpg 300w\" sizes=\"(max-width: 806px) 100vw, 806px\" \/><\/a><\/p>\n<p>&nbsp;<\/p>\n<p>Juli 2014<\/p>\n<p><a rel=\"attachment wp-att-901\" href=\"http:\/\/future-forever.de\/?attachment_id=901\"><img loading=\"lazy\" decoding=\"async\" class=\"aligncenter size-full wp-image-901\" title=\"Juli-2014\" src=\"http:\/\/future-forever.de\/wp-content\/uploads\/2015\/11\/Juli-2014.jpg\" alt=\"\" width=\"807\" height=\"606\" srcset=\"https:\/\/future-forever.de\/wp-content\/uploads\/2015\/11\/Juli-2014.jpg 1024w, https:\/\/future-forever.de\/wp-content\/uploads\/2015\/11\/Juli-2014-300x225.jpg 300w\" sizes=\"(max-width: 807px) 100vw, 807px\" \/><\/a><\/p>\n<p>August 2014<\/p>\n<p><a rel=\"attachment wp-att-902\" href=\"http:\/\/future-forever.de\/?attachment_id=902\"><img loading=\"lazy\" decoding=\"async\" class=\"aligncenter size-full wp-image-902\" title=\"August-2014\" src=\"http:\/\/future-forever.de\/wp-content\/uploads\/2015\/11\/August-2014.jpg\" alt=\"\" width=\"807\" height=\"605\" srcset=\"https:\/\/future-forever.de\/wp-content\/uploads\/2015\/11\/August-2014.jpg 1024w, https:\/\/future-forever.de\/wp-content\/uploads\/2015\/11\/August-2014-300x225.jpg 300w\" sizes=\"(max-width: 807px) 100vw, 807px\" \/><\/a><\/p>\n<p>&nbsp;<\/p>\n<p>September 2014<\/p>\n<p><a rel=\"attachment wp-att-903\" href=\"http:\/\/future-forever.de\/?attachment_id=903\"><img loading=\"lazy\" decoding=\"async\" class=\"aligncenter size-full wp-image-903\" title=\"Sep-2014\" src=\"http:\/\/future-forever.de\/wp-content\/uploads\/2015\/11\/Sep-2014.jpg\" alt=\"\" width=\"807\" height=\"605\" srcset=\"https:\/\/future-forever.de\/wp-content\/uploads\/2015\/11\/Sep-2014.jpg 1024w, https:\/\/future-forever.de\/wp-content\/uploads\/2015\/11\/Sep-2014-300x225.jpg 300w\" sizes=\"(max-width: 807px) 100vw, 807px\" \/><\/a><\/p>\n<p>Oktober 2014<\/p>\n<p><a rel=\"attachment wp-att-906\" href=\"http:\/\/future-forever.de\/?attachment_id=906\"><img loading=\"lazy\" decoding=\"async\" class=\"aligncenter size-full wp-image-906\" title=\"Okt-2014\" src=\"http:\/\/future-forever.de\/wp-content\/uploads\/2015\/11\/Okt-2014.jpg\" alt=\"\" width=\"808\" height=\"607\" srcset=\"https:\/\/future-forever.de\/wp-content\/uploads\/2015\/11\/Okt-2014.jpg 1024w, https:\/\/future-forever.de\/wp-content\/uploads\/2015\/11\/Okt-2014-300x225.jpg 300w\" sizes=\"(max-width: 808px) 100vw, 808px\" \/><\/a><\/p>\n<p>November 2014<\/p>\n<p><a rel=\"attachment wp-att-908\" href=\"http:\/\/future-forever.de\/?attachment_id=908\"><img loading=\"lazy\" decoding=\"async\" class=\"aligncenter size-full wp-image-908\" title=\"Nov-2014\" src=\"http:\/\/future-forever.de\/wp-content\/uploads\/2015\/11\/Nov-2014.jpg\" alt=\"\" width=\"807\" height=\"605\" srcset=\"https:\/\/future-forever.de\/wp-content\/uploads\/2015\/11\/Nov-2014.jpg 1024w, https:\/\/future-forever.de\/wp-content\/uploads\/2015\/11\/Nov-2014-300x225.jpg 300w\" sizes=\"(max-width: 807px) 100vw, 807px\" \/><\/a><\/p>\n<p>Dezember 2014<\/p>\n<p><a rel=\"attachment wp-att-909\" href=\"http:\/\/future-forever.de\/?attachment_id=909\"><img loading=\"lazy\" decoding=\"async\" class=\"aligncenter size-full wp-image-909\" title=\"Dez-2014\" src=\"http:\/\/future-forever.de\/wp-content\/uploads\/2015\/11\/Dez-2014.jpg\" alt=\"\" width=\"808\" height=\"606\" srcset=\"https:\/\/future-forever.de\/wp-content\/uploads\/2015\/11\/Dez-2014.jpg 1024w, https:\/\/future-forever.de\/wp-content\/uploads\/2015\/11\/Dez-2014-300x225.jpg 300w\" sizes=\"(max-width: 808px) 100vw, 808px\" \/><\/a><\/p>\n<p>&nbsp;<\/p>\n","protected":false},"excerpt":{"rendered":"<p>Die Temperaturen wurden am Standort Raschauer Weg 20 08527 Plauen OT Unterlosa gemessen. Erkl\u00e4rung:\u00a0 Rote Linie = Temperatur \/\/\/\u00a0 Gr\u00fcne Linie = Taupunkt Die Messungen werden im Freien Feld in einer h\u00f6he von 2 Meter \u00fcber Boden und 440 Meter \u00fcber Null ( Meeresspiegel ) gemessen. Januar 2014 &nbsp; Feburar 2014 &nbsp; M\u00e4rz 2014 &nbsp; [&hellip;]<\/p>\n","protected":false},"author":2,"featured_media":0,"parent":298,"menu_order":9,"comment_status":"open","ping_status":"open","template":"","meta":{"footnotes":""},"class_list":["post-888","page","type-page","status-publish","hentry"],"_links":{"self":[{"href":"https:\/\/future-forever.de\/index.php?rest_route=\/wp\/v2\/pages\/888"}],"collection":[{"href":"https:\/\/future-forever.de\/index.php?rest_route=\/wp\/v2\/pages"}],"about":[{"href":"https:\/\/future-forever.de\/index.php?rest_route=\/wp\/v2\/types\/page"}],"author":[{"embeddable":true,"href":"https:\/\/future-forever.de\/index.php?rest_route=\/wp\/v2\/users\/2"}],"replies":[{"embeddable":true,"href":"https:\/\/future-forever.de\/index.php?rest_route=%2Fwp%2Fv2%2Fcomments&post=888"}],"version-history":[{"count":10,"href":"https:\/\/future-forever.de\/index.php?rest_route=\/wp\/v2\/pages\/888\/revisions"}],"predecessor-version":[{"id":936,"href":"https:\/\/future-forever.de\/index.php?rest_route=\/wp\/v2\/pages\/888\/revisions\/936"}],"up":[{"embeddable":true,"href":"https:\/\/future-forever.de\/index.php?rest_route=\/wp\/v2\/pages\/298"}],"wp:attachment":[{"href":"https:\/\/future-forever.de\/index.php?rest_route=%2Fwp%2Fv2%2Fmedia&parent=888"}],"curies":[{"name":"wp","href":"https:\/\/api.w.org\/{rel}","templated":true}]}}