{"id":72,"date":"2011-10-29T03:51:15","date_gmt":"2011-10-29T02:51:15","guid":{"rendered":"http:\/\/future-forever.de\/?page_id=72"},"modified":"2021-11-14T22:49:57","modified_gmt":"2021-11-14T21:49:57","slug":"startseite","status":"publish","type":"page","link":"https:\/\/future-forever.de\/","title":{"rendered":"Startseite"},"content":{"rendered":"<h2 style=\"text-align: center;\">Willkommen bei der Domain www.future-forever.de,<\/h2>\n<h2 style=\"text-align: center;\">hier entsteht ein Blog zu vielen Themen des T\u00e4glichen Lebens&nbsp;<\/p>\n<p><a rel=\"attachment wp-att-1183\" href=\"http:\/\/future-forever.de\/?attachment_id=1183\"><img loading=\"lazy\" decoding=\"async\" class=\"aligncenter size-full wp-image-1183\" title=\"Kroatisches-Gedicht\" src=\"http:\/\/future-forever.de\/wp-content\/uploads\/2011\/10\/Kroatisches-Gedicht.jpg\" alt=\"\" width=\"339\" height=\"476\" srcset=\"https:\/\/future-forever.de\/wp-content\/uploads\/2011\/10\/Kroatisches-Gedicht.jpg 339w, https:\/\/future-forever.de\/wp-content\/uploads\/2011\/10\/Kroatisches-Gedicht-213x300.jpg 213w\" sizes=\"(max-width: 339px) 100vw, 339px\" \/><\/a><\/h2>\n<p style=\"text-align: center;\">Leider ist eine Anmeldung derzeit nicht m\u00f6glich!!!<\/p>\n<div><img decoding=\"async\" src=\"https:\/\/top20radio.tv\/wp-content\/uploads\/reichstag-reichs-fahne-demo-berlin-29-8-20-630x200.png\" alt=\"Existiert das  -Deutsche Reich- noch?\" \/><\/div>\n<h2>Existiert das  -Deutsche Reich- noch?<\/h2>\n<p>Foto: Reichsfahne vor dem Reichstag, Berlin, 29.08.2020 Freiheits-Demo<\/p>\n<p>Haben die, vom System abf\u00e4llig genannten \u201cReichsb\u00fcrger\u201d recht?<\/p>\n<p>Ja,<\/p>\n<p>das Deutsche Reich existiert weiter, so Bundesregierung, der  Wissenschaftliche Dienst des Bundestages und das  Bundesverfassungsgericht. Allerdings will man mit aller Gewalt das Volk  in dieser Sache dumm halten. Und das hat einen Grund. W\u00fcsste das Volk um  die Hintergr\u00fcnde und w\u00fcsste es welche Macht es damit hat, w\u00e4ren die  Parteien und der ganze Regierungs- und Verwaltungsapparat, inklusive  Finanz\u00e4mter schneller weg, als die Herrschaften gucken k\u00f6nnten. Dann  w\u00e4re Schluss mit dem Schmarotzertum, das mit Hilfe eines  Turbo-Abzock-Systems auf Kosten anderer lebt und dabei die abgezockten  B\u00fcrger auch noch schikaniert.<\/p>\n<p>Allerdings das, was viele \u201cReichsb\u00fcrger\u201d aus der \u201cruhenden\u201d Existenz  des Deutschen Reiches an angeblichen Rechten und Freiheiten ableiten,  ist gr\u00f6sstenteils unrealistisches und reines Wunschdenken. Denn die BRD  (als \u201cStaatsfragment\u201d, w\u00f6rtliches Zitat von Carlo Schmid, SPD bei der  Schaffung des Grundgesetztes der Alliierten ) ist existent und  international anerkannt. Auch ihre P\u00e4sse, Dokumente und Gesetzte.<\/p>\n<p>Doch zuerst die klaren Rechtsauffassungen:<\/p>\n<p>Quellen<\/p>\n<ol>\n<li>\n<h6>Anfrage\u00a0 aus 2015 an die Bundesregierung, ob das Deutsche Reich noch  existiert:\u00a0 \u00a0 \u00a0  https:\/\/www.bundestag.de\/presse\/hib\/2015_06\/380964-380964<\/h6>\n<\/li>\n<li>\n<h6>Wissenschaftlicher Dienst des deutschen Bundestages, zur Frage des  Beitritts der DDR zur BRD mit Urteilsbest\u00e4tigung von 1990 des  Bundesverfassungsgerichts Urteil von 1972:\u00a0 \u00a0Das Deutsche Reich  existiert weiter!\u00a0  https:\/\/www.bundestag.de\/resource\/blob\/659208\/bb1b8014f97412b4439d024bcdb79896\/WD-3-292-07-pdf-data.pdf<\/h6>\n<\/li>\n<li>\n<h6>ZDF, Die Anstalt, sagt oft die Wahrheit durch den Filter der Satire.  Hier wird die Souver\u00e4nit\u00e4t der BRD, aber auch das miese  Vertuschungsspiel vor dem Souver\u00e4n, dem B\u00fcrger angeprangert.\u00a0 \u00a0  https:\/\/www.instagram.com\/tv\/CE04q2boOaV\/?igshid=1pxy8yb7xrkyt<\/h6>\n<\/li>\n<\/ol>\n<p>&nbsp;<\/p>\n<p>Das Bundesverfassungsgericht stellt in seinem Urteil fest:<\/p>\n<p>____________________________________________________________________<\/p>\n<p><a href=\"https:\/\/top20radio.tv\/wp-content\/uploads\/urteil-Dt-Reich-BRD-1.png\"><img loading=\"lazy\" decoding=\"async\" src=\"https:\/\/top20radio.tv\/wp-content\/uploads\/urteil-Dt-Reich-BRD-1-222x300.png\" alt=\"\" width=\"260\" height=\"351\" \/> <\/a><a href=\"https:\/\/top20radio.tv\/wp-content\/uploads\/Urteil-Dt.-Dreich-BRD-Summary.png\"><img loading=\"lazy\" decoding=\"async\" src=\"https:\/\/top20radio.tv\/wp-content\/uploads\/Urteil-Dt.-Dreich-BRD-Summary-300x199.png\" alt=\"\" width=\"326\" height=\"216\" \/><\/a><\/p>\n<p>1.Einleitung<\/p>\n<p>Das BVerfG hat in seinem Urteil zum Vertrag vom 21. Dezember 1972  \u00fcber die Beziehungen zwischen der Bundesrepublik Deutschland und der  Deutschen Demokratischen Republik Folgendes festgestellt:<\/p>\n<p>Das Grundgesetz geht davon aus, \u201edass das Deutsche Reich den  Zusammenbruch 1945 \u00fcberdauert hat und weder mit der Kapitulation noch  durch Aus\u00fcbung fremder Staatsgewalt in Deutschland durch die alliierten  Okkupationsm\u00e4chte noch sp\u00e4ter untergegangen ist\u201c. Mit der Errichtung der  Bundesrepublik Deutschland wurde\u00a0 n i c h t\u00a0 ein neuer westdeutscher  Staat gegr\u00fcndet, sondern \u201eein Teil Deutschlands neu organisiert[\u2026].<\/p>\n<p>Die Bundesrepublik Deutschland ist also nicht\u201a Rechtsnachfolger\u2019 des  Deutschen Reiches, sondern als Staat identisch mit dem Staat \u201aDeutsches  Reich\u2019, \u2013 in Bezug auf seine r\u00e4umliche Ausdehnung allerdings  \u201ateilidentisch\u2019, so dass insoweit die Identit\u00e4t\u00a0 k e i n e\u00a0  Ausschlie\u00dflichkeit beansprucht.\u201c<\/p>\n<p>Das BVerfG hat diese Rechtsprechung seit der Wiedervereinigung nicht  ge\u00e4ndert. Mit dem Beitritt zur Bundesrepublik Deutschland zum 3. Oktober  1990 ging die Deutsche Demokratische Republik im Rahmen einer  sogenannten Staateninkorporation unter.\u00a0 \u00a0 \u00a0 \u00a0 \u00a0 \u00a0 \u00a0 \u00a0 \u00a0 \u00a0 \u00a0 \u00a0 (Zitat  aus dem Urteil Ende)<\/p>\n<p>___________________________________________________________________________________<\/p>\n<p>Video-Zitate von Politikern zum Deutschen Reich \/ BRD<\/p>\n<p>&nbsp;<\/p>\n<p>Einordung<\/p>\n<div>\n<div dir=\"ltr\">\n<div>\n<div>Das Deutsche Reich besteht also weiter. Die BRD ist kein  Rechtsnachfolger, sondern diese wurde quasi nur dar\u00fcber installiert.  Genau genommen bestehen das Deutsche Reich und die BRD. Deshalb urteile  der Internationale Gerichtshof auf Anruf von Italien, die BRD ist nur  Nachfolgerin des Dritten Reiches (Nazi Deutschland, als  Verbrecherstaat).<\/div>\n<div>Die BRD versucht oft so zu tun, als g\u00e4be es das Deutsche Reich nicht mehr und sie w\u00e4re Nachfolger.<\/div>\n<div>Das ist aber nicht der Fall, weder rechtlich, noch territorial. Alles was hier passiert, geschieht unter Duldung<\/div>\n<div>vor allem der Siegerm\u00e4chte und der Staatengemeinschaften \u00fcber mehrere Geheimvertr\u00e4ge.<\/div>\n<div>\u00c4hnlich war es auch mit der Russ. F\u00f6deration. Dank der neuen  russischen Verfassung, seit 2020, ist die Russische F\u00f6deration jetzt  Rechtsnachfolger der UDSSR und des Russischen Reiches und souver\u00e4n.  Gemeinsam, vorallem mit den USA , k\u00f6nnte jetzt auch ein Friedensvertrag  f\u00fcr Deutschland erfolgen und die BRD als \u00dcbergangsverwaltung mit  \u00dcbergangs-Grundgesetz aufgel\u00f6st werden.<\/div>\n<div>Dann k\u00f6nnte zum Beispiel das Volk seine politische Zukunft  mitgestalten und sich, wie \u00fcblich, selbst eine Verfassung geben (s.  Verfassung im Grundgesetz). Das Grundgesetz wurde ja von den  Siegerm\u00e4chten vorgegeben und l\u00e4sst zu, dass Politiker, quasi im  Hinterzimmer, \u00c4nderungen am Volk vorbei, durchf\u00fchren. Das k\u00f6nnte das  Volk in einer Verfassung ausschliessen. Wahre Demokratie, ohne  Hinterzimmerpolitik, ohne L\u00fcgen und Volkst\u00e4uschung k\u00f6nnte vereinbart  werden.<\/div>\n<div>Befragt man 5 Anw\u00e4lte zu diesem komplexen Thema, erh\u00e4lt man  mindestens 7 Meinungen. Letztendlich d\u00fcrfte es jedoch auf die Auffassung  der Siegerm\u00e4chte und der Staatengemeinschaften ankommen. Und viele  sehen in einem Friedensvertrag mit allen, auch Griechenland und Polen,  die weiterhin Wiedergutmachung fordern, eine finale L\u00f6sung zum  Weltfrieden. Deshalb das Friedensvertrags- Angebot von Trump an die  Deutschen, bei einer gemeinsamen Pressekonferenz mit Merkel.\u00a0 Auch Putin  sagte, man warte auf ein\u00a0 Zeichen der Bev\u00f6lkerung. Dies d\u00fcrfte mit der  Demo vom 29.08.2020 in Berlin, mit fast 1 Mio. B\u00fcrgern, dem Statement  des Veranstalters nach einer neuen Verfassung, den Kundgebungen vor der  russischen und amerikanischen Botschaft, sowie den zahlreichen  Transparenten \u201cFriedensvertrag jetzt\u201d bei den Besatzungs- und  Siegerm\u00e4chten, sowie den Staatengemeinschaften angekommen sein.<\/div>\n<div>Zumal der Politiker Robert Kennedy jr. anwesend war, der eine  historische Rege gehalten hat und der Regierung in den USA detailliert  berichtet hat.<\/div>\n<div>Siehe VIDEO <strong>Rede Robert Kennedy jr.<\/strong> in Berlin, 29.08.2020\u00a0 (wor\u00fcber\u00a0 Mainstreammedien nicht berichtet haben (durften)?<\/div>\n<\/div>\n<\/div>\n<\/div>\n<div dir=\"ltr\"><\/div>\n<div>Verst\u00e4ndlich, dass das jetzige politische System, das von den noch  hier andauernden Verh\u00e4ltnissen profitiert und wie die Maden im Speck  lebt, extrem nerv\u00f6s und aggressiv ist\u2026<\/div>\n<div>kommen pl\u00f6tzlich Trump und die Allianz und wollen den V\u00f6lkern, auch  den Deutschen, die Macht zur\u00fcckgeben und Basisdemokratie einf\u00fchren\u2026<\/div>\n","protected":false},"excerpt":{"rendered":"<p>Willkommen bei der Domain www.future-forever.de, hier entsteht ein Blog zu vielen Themen des T\u00e4glichen Lebens&nbsp; Leider ist eine Anmeldung derzeit nicht m\u00f6glich!!! Existiert das -Deutsche Reich- noch? Foto: Reichsfahne vor dem Reichstag, Berlin, 29.08.2020 Freiheits-Demo Haben die, vom System abf\u00e4llig genannten \u201cReichsb\u00fcrger\u201d recht? Ja, das Deutsche Reich existiert weiter, so Bundesregierung, der Wissenschaftliche Dienst des [&hellip;]<\/p>\n","protected":false},"author":2,"featured_media":0,"parent":68,"menu_order":4,"comment_status":"open","ping_status":"closed","template":"","meta":{"footnotes":""},"class_list":["post-72","page","type-page","status-publish","hentry"],"_links":{"self":[{"href":"https:\/\/future-forever.de\/index.php?rest_route=\/wp\/v2\/pages\/72"}],"collection":[{"href":"https:\/\/future-forever.de\/index.php?rest_route=\/wp\/v2\/pages"}],"about":[{"href":"https:\/\/future-forever.de\/index.php?rest_route=\/wp\/v2\/types\/page"}],"author":[{"embeddable":true,"href":"https:\/\/future-forever.de\/index.php?rest_route=\/wp\/v2\/users\/2"}],"replies":[{"embeddable":true,"href":"https:\/\/future-forever.de\/index.php?rest_route=%2Fwp%2Fv2%2Fcomments&post=72"}],"version-history":[{"count":112,"href":"https:\/\/future-forever.de\/index.php?rest_route=\/wp\/v2\/pages\/72\/revisions"}],"predecessor-version":[{"id":1187,"href":"https:\/\/future-forever.de\/index.php?rest_route=\/wp\/v2\/pages\/72\/revisions\/1187"}],"up":[{"embeddable":true,"href":"https:\/\/future-forever.de\/index.php?rest_route=\/wp\/v2\/pages\/68"}],"wp:attachment":[{"href":"https:\/\/future-forever.de\/index.php?rest_route=%2Fwp%2Fv2%2Fmedia&parent=72"}],"curies":[{"name":"wp","href":"https:\/\/api.w.org\/{rel}","templated":true}]}}