{"id":661,"date":"2013-02-17T19:52:07","date_gmt":"2013-02-17T18:52:07","guid":{"rendered":"http:\/\/future-forever.de\/?page_id=661"},"modified":"2013-02-17T20:00:39","modified_gmt":"2013-02-17T19:00:39","slug":"okt-nov-dez-2012","status":"publish","type":"page","link":"https:\/\/future-forever.de\/?page_id=661","title":{"rendered":"Okt. Nov. Dez. 2012"},"content":{"rendered":"<p>Die Temperaturen wurden am Standort<br \/>\nRaschauer Weg 20<br \/>\n08527 Plauen OT Unterlosa<br \/>\ngemessen.<\/p>\n<p>Erkl\u00e4rung:\u00a0 <span style=\"color: #ff0000;\">Rote Linie = Temperatur <\/span> \/\/\/\u00a0<span style=\"color: #00ff00;\"> Gr\u00fcne Linie = Taupunkt<\/span><\/p>\n<p>Die Messungen werden im Freien Feld in einer h\u00f6he von 2 Meter \u00fcber Boden<br \/>\nund 440 Meter \u00fcber Null ( Meeresspiegel ) gemessen.<\/p>\n<p><a rel=\"attachment wp-att-662\" href=\"http:\/\/future-forever.de\/?attachment_id=662\"><img loading=\"lazy\" decoding=\"async\" class=\"aligncenter size-full wp-image-662\" title=\"KW-40-2012\" src=\"http:\/\/future-forever.de\/wp-content\/uploads\/2013\/02\/KW-40-2012.jpg\" alt=\"\" width=\"752\" height=\"564\" srcset=\"https:\/\/future-forever.de\/wp-content\/uploads\/2013\/02\/KW-40-2012.jpg 1024w, https:\/\/future-forever.de\/wp-content\/uploads\/2013\/02\/KW-40-2012-300x225.jpg 300w\" sizes=\"(max-width: 752px) 100vw, 752px\" \/><\/a><\/p>\n<p><a rel=\"attachment wp-att-663\" href=\"http:\/\/future-forever.de\/?attachment_id=663\"><img loading=\"lazy\" decoding=\"async\" class=\"aligncenter size-full wp-image-663\" title=\"KW-41-2012\" src=\"http:\/\/future-forever.de\/wp-content\/uploads\/2013\/02\/KW-41-2012.jpg\" alt=\"\" width=\"752\" height=\"564\" srcset=\"https:\/\/future-forever.de\/wp-content\/uploads\/2013\/02\/KW-41-2012.jpg 1024w, https:\/\/future-forever.de\/wp-content\/uploads\/2013\/02\/KW-41-2012-300x225.jpg 300w\" sizes=\"(max-width: 752px) 100vw, 752px\" \/><\/a><\/p>\n<p><a rel=\"attachment wp-att-664\" href=\"http:\/\/future-forever.de\/?attachment_id=664\"><img loading=\"lazy\" decoding=\"async\" class=\"aligncenter size-full wp-image-664\" title=\"KW-42-2012\" src=\"http:\/\/future-forever.de\/wp-content\/uploads\/2013\/02\/KW-42-2012.jpg\" alt=\"\" width=\"751\" height=\"563\" srcset=\"https:\/\/future-forever.de\/wp-content\/uploads\/2013\/02\/KW-42-2012.jpg 1024w, https:\/\/future-forever.de\/wp-content\/uploads\/2013\/02\/KW-42-2012-300x225.jpg 300w\" sizes=\"(max-width: 751px) 100vw, 751px\" \/><\/a><\/p>\n<p><a rel=\"attachment wp-att-665\" href=\"http:\/\/future-forever.de\/?attachment_id=665\"><img loading=\"lazy\" decoding=\"async\" class=\"aligncenter size-full wp-image-665\" title=\"KW-43-2012\" src=\"http:\/\/future-forever.de\/wp-content\/uploads\/2013\/02\/KW-43-2012.jpg\" alt=\"\" width=\"748\" height=\"561\" srcset=\"https:\/\/future-forever.de\/wp-content\/uploads\/2013\/02\/KW-43-2012.jpg 1024w, https:\/\/future-forever.de\/wp-content\/uploads\/2013\/02\/KW-43-2012-300x225.jpg 300w\" sizes=\"(max-width: 748px) 100vw, 748px\" \/><\/a><\/p>\n<p><a rel=\"attachment wp-att-666\" href=\"http:\/\/future-forever.de\/?attachment_id=666\"><img loading=\"lazy\" decoding=\"async\" class=\"aligncenter size-full wp-image-666\" title=\"KW-44-2012\" src=\"http:\/\/future-forever.de\/wp-content\/uploads\/2013\/02\/KW-44-2012.jpg\" alt=\"\" width=\"750\" height=\"562\" srcset=\"https:\/\/future-forever.de\/wp-content\/uploads\/2013\/02\/KW-44-2012.jpg 1024w, https:\/\/future-forever.de\/wp-content\/uploads\/2013\/02\/KW-44-2012-300x225.jpg 300w\" sizes=\"(max-width: 750px) 100vw, 750px\" \/><\/a><\/p>\n<p><a rel=\"attachment wp-att-667\" href=\"http:\/\/future-forever.de\/?attachment_id=667\"><img loading=\"lazy\" decoding=\"async\" class=\"aligncenter size-full wp-image-667\" title=\"KW-45-2012\" src=\"http:\/\/future-forever.de\/wp-content\/uploads\/2013\/02\/KW-45-2012.jpg\" alt=\"\" width=\"750\" height=\"563\" srcset=\"https:\/\/future-forever.de\/wp-content\/uploads\/2013\/02\/KW-45-2012.jpg 1024w, https:\/\/future-forever.de\/wp-content\/uploads\/2013\/02\/KW-45-2012-300x225.jpg 300w\" sizes=\"(max-width: 750px) 100vw, 750px\" \/><\/a><\/p>\n<p><a rel=\"attachment wp-att-668\" href=\"http:\/\/future-forever.de\/?attachment_id=668\"><img loading=\"lazy\" decoding=\"async\" class=\"aligncenter size-full wp-image-668\" title=\"KW-46-2012\" src=\"http:\/\/future-forever.de\/wp-content\/uploads\/2013\/02\/KW-46-2012.jpg\" alt=\"\" width=\"750\" height=\"563\" srcset=\"https:\/\/future-forever.de\/wp-content\/uploads\/2013\/02\/KW-46-2012.jpg 1024w, https:\/\/future-forever.de\/wp-content\/uploads\/2013\/02\/KW-46-2012-300x225.jpg 300w\" sizes=\"(max-width: 750px) 100vw, 750px\" \/><\/a><\/p>\n<p><a rel=\"attachment wp-att-669\" href=\"http:\/\/future-forever.de\/?attachment_id=669\"><img loading=\"lazy\" decoding=\"async\" class=\"aligncenter size-full wp-image-669\" title=\"KW-47-2012\" src=\"http:\/\/future-forever.de\/wp-content\/uploads\/2013\/02\/KW-47-2012.jpg\" alt=\"\" width=\"750\" height=\"562\" srcset=\"https:\/\/future-forever.de\/wp-content\/uploads\/2013\/02\/KW-47-2012.jpg 1024w, https:\/\/future-forever.de\/wp-content\/uploads\/2013\/02\/KW-47-2012-300x225.jpg 300w\" sizes=\"(max-width: 750px) 100vw, 750px\" \/><\/a><\/p>\n<p><a rel=\"attachment wp-att-670\" href=\"http:\/\/future-forever.de\/?attachment_id=670\"><img loading=\"lazy\" decoding=\"async\" class=\"aligncenter size-full wp-image-670\" title=\"KW-48-2012\" src=\"http:\/\/future-forever.de\/wp-content\/uploads\/2013\/02\/KW-48-2012.jpg\" alt=\"\" width=\"750\" height=\"562\" srcset=\"https:\/\/future-forever.de\/wp-content\/uploads\/2013\/02\/KW-48-2012.jpg 1024w, https:\/\/future-forever.de\/wp-content\/uploads\/2013\/02\/KW-48-2012-300x225.jpg 300w\" sizes=\"(max-width: 750px) 100vw, 750px\" \/><\/a><\/p>\n<p><a rel=\"attachment wp-att-671\" href=\"http:\/\/future-forever.de\/?attachment_id=671\"><img loading=\"lazy\" decoding=\"async\" class=\"aligncenter size-full wp-image-671\" title=\"KW49-12\" src=\"http:\/\/future-forever.de\/wp-content\/uploads\/2013\/02\/KW49-12.jpg\" alt=\"\" width=\"750\" height=\"564\" srcset=\"https:\/\/future-forever.de\/wp-content\/uploads\/2013\/02\/KW49-12.jpg 1024w, https:\/\/future-forever.de\/wp-content\/uploads\/2013\/02\/KW49-12-300x225.jpg 300w\" sizes=\"(max-width: 750px) 100vw, 750px\" \/><\/a><\/p>\n<p><a rel=\"attachment wp-att-672\" href=\"http:\/\/future-forever.de\/?attachment_id=672\"><img loading=\"lazy\" decoding=\"async\" class=\"aligncenter size-full wp-image-672\" title=\"KW50-12\" src=\"http:\/\/future-forever.de\/wp-content\/uploads\/2013\/02\/KW50-12.jpg\" alt=\"\" width=\"750\" height=\"562\" srcset=\"https:\/\/future-forever.de\/wp-content\/uploads\/2013\/02\/KW50-12.jpg 1024w, https:\/\/future-forever.de\/wp-content\/uploads\/2013\/02\/KW50-12-300x225.jpg 300w\" sizes=\"(max-width: 750px) 100vw, 750px\" \/><\/a><\/p>\n<p><a rel=\"attachment wp-att-673\" href=\"http:\/\/future-forever.de\/?attachment_id=673\"><img loading=\"lazy\" decoding=\"async\" class=\"aligncenter size-full wp-image-673\" title=\"KW51-12\" src=\"http:\/\/future-forever.de\/wp-content\/uploads\/2013\/02\/KW51-12.jpg\" alt=\"\" width=\"750\" height=\"562\" srcset=\"https:\/\/future-forever.de\/wp-content\/uploads\/2013\/02\/KW51-12.jpg 1024w, https:\/\/future-forever.de\/wp-content\/uploads\/2013\/02\/KW51-12-300x225.jpg 300w\" sizes=\"(max-width: 750px) 100vw, 750px\" \/><\/a><\/p>\n<p><a rel=\"attachment wp-att-674\" href=\"http:\/\/future-forever.de\/?attachment_id=674\"><img loading=\"lazy\" decoding=\"async\" class=\"aligncenter size-full wp-image-674\" title=\"KW52-12\" src=\"http:\/\/future-forever.de\/wp-content\/uploads\/2013\/02\/KW52-12.jpg\" alt=\"\" width=\"750\" height=\"562\" srcset=\"https:\/\/future-forever.de\/wp-content\/uploads\/2013\/02\/KW52-12.jpg 1024w, https:\/\/future-forever.de\/wp-content\/uploads\/2013\/02\/KW52-12-300x225.jpg 300w\" sizes=\"(max-width: 750px) 100vw, 750px\" \/><\/a><\/p>\n","protected":false},"excerpt":{"rendered":"<p>Die Temperaturen wurden am Standort Raschauer Weg 20 08527 Plauen OT Unterlosa gemessen. Erkl\u00e4rung:\u00a0 Rote Linie = Temperatur \/\/\/\u00a0 Gr\u00fcne Linie = Taupunkt Die Messungen werden im Freien Feld in einer h\u00f6he von 2 Meter \u00fcber Boden und 440 Meter \u00fcber Null ( Meeresspiegel ) gemessen.<\/p>\n","protected":false},"author":2,"featured_media":0,"parent":298,"menu_order":7,"comment_status":"open","ping_status":"open","template":"","meta":{"footnotes":""},"class_list":["post-661","page","type-page","status-publish","hentry"],"_links":{"self":[{"href":"https:\/\/future-forever.de\/index.php?rest_route=\/wp\/v2\/pages\/661"}],"collection":[{"href":"https:\/\/future-forever.de\/index.php?rest_route=\/wp\/v2\/pages"}],"about":[{"href":"https:\/\/future-forever.de\/index.php?rest_route=\/wp\/v2\/types\/page"}],"author":[{"embeddable":true,"href":"https:\/\/future-forever.de\/index.php?rest_route=\/wp\/v2\/users\/2"}],"replies":[{"embeddable":true,"href":"https:\/\/future-forever.de\/index.php?rest_route=%2Fwp%2Fv2%2Fcomments&post=661"}],"version-history":[{"count":7,"href":"https:\/\/future-forever.de\/index.php?rest_route=\/wp\/v2\/pages\/661\/revisions"}],"predecessor-version":[{"id":681,"href":"https:\/\/future-forever.de\/index.php?rest_route=\/wp\/v2\/pages\/661\/revisions\/681"}],"up":[{"embeddable":true,"href":"https:\/\/future-forever.de\/index.php?rest_route=\/wp\/v2\/pages\/298"}],"wp:attachment":[{"href":"https:\/\/future-forever.de\/index.php?rest_route=%2Fwp%2Fv2%2Fmedia&parent=661"}],"curies":[{"name":"wp","href":"https:\/\/api.w.org\/{rel}","templated":true}]}}