{"id":291,"date":"2011-11-10T18:13:48","date_gmt":"2011-11-10T17:13:48","guid":{"rendered":"http:\/\/future-forever.de\/?page_id=291"},"modified":"2013-04-01T20:39:24","modified_gmt":"2013-04-01T19:39:24","slug":"other","status":"publish","type":"page","link":"https:\/\/future-forever.de\/?page_id=291","title":{"rendered":"other"},"content":{"rendered":"<p>Der Webmaster \u00fcbernimmt keinerlei Gew\u00e4hr f\u00fcr die  Aktualit\u00e4t, Korrektheit, Vollst\u00e4ndigkeit oder Qualit\u00e4t der  bereitgestellten Informationen. Haftungsanspr\u00fcche gegen den Webmaster,  welche sich auf Sch\u00e4den materieller oder ideeller Art beziehen, die  durch die Nutzung oder Nichtnutzung der dargebotenen Informationen bzw.  durch die Nutzung fehlerhafter und unvollst\u00e4ndiger Informationen  verursacht wurden, sind grunds\u00e4tzlich ausgeschlossen, sofern seitens des  Webmasters kein nachweislich vors\u00e4tzliches oder grob fahrl\u00e4ssiges  Verschulden vorliegt. Alle Angebote sind freibleibend und unverbindlich.  Der Webmaster beh\u00e4lt es sich ausdr\u00fccklich vor, Teile der Seiten oder  das gesamte Angebot ohne gesonderte Ank\u00fcndigung zu ver\u00e4ndern, zu  erg\u00e4nzen, zu l\u00f6schen oder die Ver\u00f6ffentlichung zeitweise oder endg\u00fcltig  einzustellen.<\/p>\n<h4>Keine Abmahnung ohne vorherigen Kontakt!<\/h4>\n<p>Sollte  der Inhalt oder die Aufmachung dieser Seiten fremde Rechte Dritter oder  gesetzliche Bestimmungen verletzen, so bitten wir um eine entsprechende  Nachricht ohne Kostennote. Wir garantieren, dass die zu Recht  beanstandeten Passagen unverz\u00fcglichentfernt werden, ohne dass von Ihrer  Seite die Einschaltung eines Rechtsbeistandes erforderlich ist.<\/p>\n<h4>Verweise und Links<\/h4>\n<p>Bei  direkten oder indirekten Verweisen auf fremde Webseiten (&#8222;Hyperlinks&#8220;),  die au\u00dferhalb des Verantwortungsbereiches des Webmasters liegen, w\u00fcrde  eine Haftungsverpflichtung ausschlie\u00dflich in dem Fall in Kraft treten,  in dem der Webmaster von den Inhalten Kenntnis hat und es ihm technisch  m\u00f6glich und zumutbar w\u00e4re, die Nutzung im Falle rechtswidriger Inhalte  zu verhindern.<\/p>\n<p>Der Webmaster erkl\u00e4rt hiermit  ausdr\u00fccklich, dass zum Zeitpunkt der Linksetzung keine illegalen Inhalte  auf den zu verlinkenden Seiten erkennbar waren. Auf die aktuelle und  zuk\u00fcnftige Gestaltung, die Inhalte oder die Urheberschaft der  gelinkten\/verkn\u00fcpften Seiten hat der Webmaster keinerlei Einfluss.  Deshalb distanziert er sich hiermit ausdr\u00fccklich von allen Inhalten  aller gelinkten \/verkn\u00fcpften Seiten, die nach der Linksetzung ver\u00e4ndert  wurden. Diese Feststellung gilt f\u00fcr alle innerhalb des eigenen  Internetangebotes gesetzten Links und Verweise sowie f\u00fcr Fremdeintr\u00e4ge  in vom Webmaster eingerichteten G\u00e4steb\u00fcchern, News-Plattfrom und in  allen anderen Formen von Datenbanken, auf deren Inhalt externe  Schreibzugriffe m\u00f6glich sind. F\u00fcr illegale, fehlerhafte oder  unvollst\u00e4ndige Inhalte und insbesondere f\u00fcr Sch\u00e4den, die aus der Nutzung  oder Nichtnutzung solcherart dargebotener Informationen entstehen,  haftet allein der Anbieter der Seite, auf welche verwiesen wurde, nicht  derjenige, der \u00fcber Links auf die jeweilige Ver\u00f6ffentlichung lediglich  verweist.<\/p>\n<p>Ihr Webmaster<\/p>\n<p>Ansprechpartner siehe Impressum<\/p>\n","protected":false},"excerpt":{"rendered":"<p>Der Webmaster \u00fcbernimmt keinerlei Gew\u00e4hr f\u00fcr die Aktualit\u00e4t, Korrektheit, Vollst\u00e4ndigkeit oder Qualit\u00e4t der bereitgestellten Informationen. Haftungsanspr\u00fcche gegen den Webmaster, welche sich auf Sch\u00e4den materieller oder ideeller Art beziehen, die durch die Nutzung oder Nichtnutzung der dargebotenen Informationen bzw. durch die Nutzung fehlerhafter und unvollst\u00e4ndiger Informationen verursacht wurden, sind grunds\u00e4tzlich ausgeschlossen, sofern seitens des Webmasters kein [&hellip;]<\/p>\n","protected":false},"author":2,"featured_media":0,"parent":0,"menu_order":4,"comment_status":"open","ping_status":"closed","template":"","meta":{"footnotes":""},"class_list":["post-291","page","type-page","status-publish","hentry"],"_links":{"self":[{"href":"https:\/\/future-forever.de\/index.php?rest_route=\/wp\/v2\/pages\/291"}],"collection":[{"href":"https:\/\/future-forever.de\/index.php?rest_route=\/wp\/v2\/pages"}],"about":[{"href":"https:\/\/future-forever.de\/index.php?rest_route=\/wp\/v2\/types\/page"}],"author":[{"embeddable":true,"href":"https:\/\/future-forever.de\/index.php?rest_route=\/wp\/v2\/users\/2"}],"replies":[{"embeddable":true,"href":"https:\/\/future-forever.de\/index.php?rest_route=%2Fwp%2Fv2%2Fcomments&post=291"}],"version-history":[{"count":4,"href":"https:\/\/future-forever.de\/index.php?rest_route=\/wp\/v2\/pages\/291\/revisions"}],"predecessor-version":[{"id":507,"href":"https:\/\/future-forever.de\/index.php?rest_route=\/wp\/v2\/pages\/291\/revisions\/507"}],"wp:attachment":[{"href":"https:\/\/future-forever.de\/index.php?rest_route=%2Fwp%2Fv2%2Fmedia&parent=291"}],"curies":[{"name":"wp","href":"https:\/\/api.w.org\/{rel}","templated":true}]}}