{"id":26,"date":"2011-10-28T08:58:01","date_gmt":"2011-10-28T07:58:01","guid":{"rendered":"http:\/\/future-forever.de\/?page_id=26"},"modified":"2015-11-19T11:25:00","modified_gmt":"2015-11-19T10:25:00","slug":"beitrage","status":"publish","type":"page","link":"https:\/\/future-forever.de\/?page_id=26","title":{"rendered":"Blogregeln"},"content":{"rendered":"<h2><a href=\"..\/?page_id=26\">Blogregeln<\/a><\/h2>\n<p><span style=\"color: #000000;\">Willkommen bei der Domain &#8222;www.future-forever.de&#8220;!<\/span><\/p>\n<p><span style=\"color: #000000;\">Hier entsteht ein Blog zu vielen Themen des t\u00e4glichen Lebens.<\/span><\/p>\n<p><span style=\"color: #000000;\">Wenn Sie Vogtl\u00e4nder sind und hier etwas diskutieren wollen, dann registrieren sie sich <\/span><br \/>\n<span style=\"color: #000000;\">und sie k\u00f6nnen in wenigen Minuten Ihre Erlebnisse, Beitr\u00e4ge oder auch Fragen zur <\/span><br \/>\n<span style=\"color: #000000;\">Diskussion ver\u00f6ffentlichen.<\/span><\/p>\n<p><span style=\"color: #000000;\">Nun ran ans Bloggen!<\/span><\/p>\n<p>&nbsp;<\/p>\n<p><span style=\"color: #000000;\">Wenn Sie nun erfolgreich \u201cRegistriert\u201d und \u201cAngemeldet\u201d\u00a0 sind, k\u00f6nnen Sie einen<\/span><br \/>\n<span style=\"color: #000000;\">neuen Artikel? (Thema, Tread?) erstellen und vorhandene Artikel kommentieren.<\/span><br \/>\n<span style=\"color: #000000;\">Bitte beachten Sie bei<span style=\"text-decoration: line-through;\"> <\/span> der Erstellung Ihres Artikels eine\u00a0 Kategorie<\/span><br \/>\n<span style=\"color: #000000;\">auszuw\u00e4hlen in welcher der Artikel gef\u00fchrt werden soll. Sollte ein Artikel zu<\/span><br \/>\n<span style=\"color: #000000;\">keiner Kategorie passen, legen sie den Artikel unter \u201eAllgemein\u201c ab,<\/span><br \/>\n<span style=\"color: #000000;\">und der Administrator wird in K\u00fcrze eine passende Kategorie erstellen.<\/span><\/p>\n<p><span style=\"color: #000000;\">Zurzeit gibt es folgende Kategorien:<\/span><\/p>\n<p><span style=\"color: #000000;\">Allgemeines \u2013 Computer \u2013 Modellbau \u2013 \u00d6ffentliches \u2013 Freizeit \u2013<\/span><br \/>\n<span style=\"color: #000000;\">Arbeitsrecht &amp; Job &#8211; Krankheiten &#8211;\u00a0Auto\/Motor \u2013 Veranstaltungen &#8211; Xcitor<\/span><\/p>\n<p><span style=\"color: #000000;\">Kosten f\u00fcr Sie???<\/span><\/p>\n<p><span style=\"color: #000000;\">Nein es entstehen Ihnen keine Kosten f\u00fcr die Registrierung und Ihre Artikel.<\/span><\/p>\n<p><span style=\"color: #000000;\">Der Blog wird von Computerservice Oelsnitz \/ Plauen <\/span><br \/>\n<span style=\"color: #000000;\">(<\/span><a href=\"http:\/\/www.cs-oelsnitz.de\/\"><span style=\"color: #000000;\">www.cs-oelsnitz.de<\/span><\/a><span style=\"color: #000000;\">) gesponsert.<\/span><\/p>\n<p><span style=\"color: #000000;\">Hinweis:<\/span><br \/>\n<span style=\"color: #000000;\">In diesem Board sind rechtsradikale oder anst\u00f6\u00dfige Artikel wie Pornografie, Beleidigungen u. \u00e4.<\/span><br \/>\n<span style=\"color: #000000;\">unerw\u00fcnscht und werden vom Administrator gel\u00f6scht.<\/span><\/p>\n<p><span style=\"color: #000000;\">Haftung:<\/span><\/p>\n<p><span style=\"color: #000000;\">Der Autor haftet f\u00fcr seinen Artikel sowie Link selbst.<\/span><br \/>\n<span style=\"color: #000000;\">Also achten sie darauf, dass in Ihren Artikeln keine Beleidigungen sowie Urheberrechts-<\/span><br \/>\n<span style=\"color: #000000;\">verletzungen dargestellt werden.<\/span><br \/>\n<span style=\"color: #000000;\">Der Administrator ist berechtigt Verst\u00f6\u00dfe zu l\u00f6schen und zu archivieren, falls<\/span><br \/>\n<span style=\"color: #000000;\">es zu strafrechtlichen Folgen kommen sollte.<\/span><\/p>\n<p>&nbsp;<\/p>\n<p><span style=\"color: #000000;\">Nun viel Spa\u00df mit future-forever.de<\/span><\/p>\n<p>&nbsp;<\/p>\n<p>&nbsp;<\/p>\n","protected":false},"excerpt":{"rendered":"<p>Blogregeln Willkommen bei der Domain &#8222;www.future-forever.de&#8220;! Hier entsteht ein Blog zu vielen Themen des t\u00e4glichen Lebens. Wenn Sie Vogtl\u00e4nder sind und hier etwas diskutieren wollen, dann registrieren sie sich und sie k\u00f6nnen in wenigen Minuten Ihre Erlebnisse, Beitr\u00e4ge oder auch Fragen zur Diskussion ver\u00f6ffentlichen. Nun ran ans Bloggen! &nbsp; Wenn Sie nun erfolgreich \u201cRegistriert\u201d und [&hellip;]<\/p>\n","protected":false},"author":2,"featured_media":0,"parent":0,"menu_order":6,"comment_status":"open","ping_status":"closed","template":"","meta":{"footnotes":""},"class_list":["post-26","page","type-page","status-publish","hentry"],"_links":{"self":[{"href":"https:\/\/future-forever.de\/index.php?rest_route=\/wp\/v2\/pages\/26"}],"collection":[{"href":"https:\/\/future-forever.de\/index.php?rest_route=\/wp\/v2\/pages"}],"about":[{"href":"https:\/\/future-forever.de\/index.php?rest_route=\/wp\/v2\/types\/page"}],"author":[{"embeddable":true,"href":"https:\/\/future-forever.de\/index.php?rest_route=\/wp\/v2\/users\/2"}],"replies":[{"embeddable":true,"href":"https:\/\/future-forever.de\/index.php?rest_route=%2Fwp%2Fv2%2Fcomments&post=26"}],"version-history":[{"count":23,"href":"https:\/\/future-forever.de\/index.php?rest_route=\/wp\/v2\/pages\/26\/revisions"}],"predecessor-version":[{"id":998,"href":"https:\/\/future-forever.de\/index.php?rest_route=\/wp\/v2\/pages\/26\/revisions\/998"}],"wp:attachment":[{"href":"https:\/\/future-forever.de\/index.php?rest_route=%2Fwp%2Fv2%2Fmedia&parent=26"}],"curies":[{"name":"wp","href":"https:\/\/api.w.org\/{rel}","templated":true}]}}