{"id":2,"date":"2011-10-27T18:03:17","date_gmt":"2011-10-27T17:03:17","guid":{"rendered":"http:\/\/future-forever.de\/?page_id=2"},"modified":"2021-04-08T18:13:29","modified_gmt":"2021-04-08T17:13:29","slug":"beispiel-seite","status":"publish","type":"page","link":"https:\/\/future-forever.de\/?page_id=2","title":{"rendered":"Nachtgedanken"},"content":{"rendered":"<div>\n<h2>Gedanken zur Nacht &#8211; Getrennte Wege<\/h2>\n<\/div>\n<div>\n<p>\u201eDie  Zeit ist gekommen, du steigst aus dem Drama aus und trennst dich von  all den Menschen, die nur Chaos in dein Leben bringen. Das ist der  Beginn deiner neuen Zukunft.\u201c<\/p>\n<p>La\u00df sie ziehen, la\u00df los \u2013 die Zeit  der \u201egetrennten Wege\u201c ist l\u00e4ngst angebrochen. Unumkehrbar ist ein Proze\u00df  in Gang gekommen, der nicht mehr r\u00fcckg\u00e4ngig gemacht werden kann.<\/p>\n<p>Viel  zu lange schon bem\u00fchst du dich, diejenigen bewegen zu wollen, die starr  in ihrem Sitzstreik auf den Gleisen des herannahenden Zuges verharren  m\u00f6chten \u2013 zu bequem war ihr bisheriges Leben, wohlbeh\u00fctet und  vorgedacht.<\/p>\n<p>Ab einen gewissen Zeitpunkt wirst du loslassen  m\u00fcssen, tust du dies nicht, \u00fcberrollen dich die Ereignisse und du gehst  mit ihnen unter.<\/p>\n<p>Die aktuellen Ereignisse werden eine geteilte  Gesellschaft entstehen lassen. Aufgeteilt in die eine Gruppe, die in  ihren alten Denkmustern und Glaubenss\u00e4tzen verbleiben m\u00f6chten, ihr Leben  auch weiterhin an die Dinge gebunden sieht, die unweigerlich dem  Untergang entgegen sehen und entweder nicht in der Lage sind oder es  nicht wollen, f\u00fcr ihr Leben, die eigene Verantwortung zu \u00fcbernehmen.<\/p>\n<p>Leider  geh\u00f6ren zu dieser Gruppe auch all diejenigen, die sich f\u00fcr aufgewacht  halten und dennoch glauben, eine Petition w\u00e4re ein Protest.<\/p>\n<p>So  lange diese Menschen sich selbst weniger vertrauen, als Fremden, so  lange sie nicht verstehen k\u00f6nnen, da\u00df sie f\u00fcr das, was sie doch so  dringend fordern, selbst sich erheben m\u00fcssen, werden sie keine  Eintrittskarte in eine neue, andere Zukunft erhalten.<\/p>\n<p>So langsam  dringt es durch, doch f\u00fcr viele kommt jede Rettung zu sp\u00e4t \u2013 zu sehr  haften sie noch an ihren Weltbildern, geformt von 16 zu 9 in HD \u2013  Qualit\u00e4t, von denen sie einfach nicht loslassen wollen, verlieren sie  jeden Halt, weil sie sich eine g\u00e4nzlich andere Welt einfach nicht  vorstellen k\u00f6nnen. In den kommenden Wochen wird sich der Druck auf sie  weiter erh\u00f6hen \u2013 einige werden schlicht aus Verzweiflung heraus, in  einem blanken Aktionismus verfallen und die anderen werden daran zu  Grunde gehen. Aufzuhalten wird dies nicht sein.<\/p>\n<p>In der zweiten  Gruppe werden sich all diejenigen versammeln, die wahrlich bereit sind,  das Alte loszulassen, sich f\u00fcr ein Umdenken entschieden haben und ihr  Leben wieder selbst gestalten wollen. Es werden diejenigen sein, die  verstanden haben, da\u00df eine Urlaubsreise keine echte Freiheit bedeutet,  es werden diejenigen sein, die sich ihrer inneren Kraft gewahr sind und  begonnen haben, sich die L\u00f6sungen f\u00fcr ihre Probleme nicht auf einem  Silbertablett servieren zu lassen.<\/p>\n<p>Gleichwenn die n\u00e4chsten Jahre  von Entbehrungen gepr\u00e4gt sein werden, es kaum noch eine M\u00f6glichkeit  gibt, sich den Arsch auf Mallorca versengen zu lassen oder ein  schlichter Einkaufsbummel zum H\u00e4userkampf mutiert, so werden diese  Menschen, ihre Wege finden, ein freieres Leben zu f\u00fchren, weil sie  schlicht verstanden haben, da\u00df Leben nicht Haben bedeutet.<\/p>\n<p>Eines  der gr\u00f6\u00dften Probleme der ersten Gruppe ist es, da\u00df sie an ihrem Glauben  h\u00e4ngen, sie k\u00f6nnten mit allen materiellen Dingen umgehen, gar f\u00fcr  unentbehrlich erkl\u00e4ren und nicht sehen k\u00f6nnen, da\u00df der Umgang mit sich  selbst, noch nie gelungen ist.<\/p>\n<p>Zeugnis dar\u00fcber ist ein  Fremdvertrauen den Kindern gleich, mangelt es ihnen am Verst\u00e4ndnis  daran, wer sie sind. Zur\u00fcckgeworfen auf sich selbst, verzweifeln nicht  wenige daran, sich im Spiegel des Lebens betrachten zu m\u00fcssen.<\/p>\n<p>Wenn  all die Ichs, die Egos verschwunden sind, all das Materielle seinen  Wert verloren hat, wird von dem Inneren Selbst, das nie wirklich  gediehen ist, nichts mehr zu sehen sein und dieses Nichts wird mit der  alten Welt untergehen.<\/p>\n<p>Aus dem anf\u00e4nglichen Leiden der zweiten  Gruppe, der Entbehrungen und dem Hohn der ersten, wird zwangsl\u00e4ufig  etwas Neues entstehen \u2013 anders als das bisher gekannte, es wird neu sein  und sich gut anf\u00fchlen.<\/p>\n<p>Es werden diese Menschen sein, die  bleiben werden, auch wenn der Anfang schwer sein wird. Ihre Freiheit  wird aus ihnen selbst erwachsen. Mit jedem Schritt, mit dem sie aus dem  Alten heraustreten, loslassen von alten Glaubensmustern und Dogmen,  losgel\u00f6st von all den Menschen, die durch Chaos ein Vorankommen  verhindern, wird jeder Schritt, in die Richtung einer selbstbestimmten  Zukunft f\u00fchren.<\/p>\n<p>Am Scheideweg angekommen, wird sich die Spreu vom  Weizen trennen. Eine Entscheidung trifft jeder f\u00fcr sich allein. Wer auf  die Entscheidung anderer wartet, wird schlafend den nahenden Zug nicht  kommen h\u00f6ren \u2013 \u00fcberrollt von den Ereignissen, wird ein Jammern nicht  helfen.<\/p>\n<p>Dieses Mal wird es keine zweite Chance mehr geben.<\/p>\n<p>Herzlichst Ingo<\/p>\n<\/div>\n","protected":false},"excerpt":{"rendered":"<p>Gedanken zur Nacht &#8211; Getrennte Wege \u201eDie Zeit ist gekommen, du steigst aus dem Drama aus und trennst dich von all den Menschen, die nur Chaos in dein Leben bringen. Das ist der Beginn deiner neuen Zukunft.\u201c La\u00df sie ziehen, la\u00df los \u2013 die Zeit der \u201egetrennten Wege\u201c ist l\u00e4ngst angebrochen. Unumkehrbar ist ein Proze\u00df [&hellip;]<\/p>\n","protected":false},"author":1,"featured_media":0,"parent":0,"menu_order":3,"comment_status":"open","ping_status":"closed","template":"","meta":{"footnotes":""},"class_list":["post-2","page","type-page","status-publish","hentry"],"_links":{"self":[{"href":"https:\/\/future-forever.de\/index.php?rest_route=\/wp\/v2\/pages\/2"}],"collection":[{"href":"https:\/\/future-forever.de\/index.php?rest_route=\/wp\/v2\/pages"}],"about":[{"href":"https:\/\/future-forever.de\/index.php?rest_route=\/wp\/v2\/types\/page"}],"author":[{"embeddable":true,"href":"https:\/\/future-forever.de\/index.php?rest_route=\/wp\/v2\/users\/1"}],"replies":[{"embeddable":true,"href":"https:\/\/future-forever.de\/index.php?rest_route=%2Fwp%2Fv2%2Fcomments&post=2"}],"version-history":[{"count":21,"href":"https:\/\/future-forever.de\/index.php?rest_route=\/wp\/v2\/pages\/2\/revisions"}],"predecessor-version":[{"id":13,"href":"https:\/\/future-forever.de\/index.php?rest_route=\/wp\/v2\/pages\/2\/revisions\/13"}],"wp:attachment":[{"href":"https:\/\/future-forever.de\/index.php?rest_route=%2Fwp%2Fv2%2Fmedia&parent=2"}],"curies":[{"name":"wp","href":"https:\/\/api.w.org\/{rel}","templated":true}]}}