{"id":176,"date":"2011-11-02T03:00:23","date_gmt":"2011-11-02T03:00:23","guid":{"rendered":"http:\/\/future-forever.de\/?page_id=176"},"modified":"2011-11-12T17:50:49","modified_gmt":"2011-11-12T17:50:49","slug":"anleitung-faq","status":"publish","type":"page","link":"https:\/\/future-forever.de\/?page_id=176","title":{"rendered":"Anleitung FAQ"},"content":{"rendered":"<p>Als erstes muss man sich auf der Plattform anmelden. (Registrieren)<\/p>\n<p>Dann anmelden nun habt ihr oben euer Men\u00fcleiste, bei Hinzuf\u00fcgen auf<\/p>\n<p>Artikel Klicken, nun kommt ihr ins Dashboard und k\u00f6nnt einen neuen<\/p>\n<p>Artikel erstellen.\u00a0 Im linken Bereich k\u00f6nnt ihr nun noch die gew\u00fcnschte<\/p>\n<p>Kategorie ausw\u00e4hlen.<\/p>\n<p>Jetzt braucht Ihr nur noch auf den blauen Button Publizieren Klicken<\/p>\n<p>und Fertig.<\/p>\n<p>Im Dashboard k\u00f6nnt ihr auch verschiedenes \u00e4ndern wie Password oder<\/p>\n<p>eine Grafik zum Artikel hochladen.<\/p>\n<p>Wenn Grafiken mit in den Artikel sollen bitte erst in der Mediathek<\/p>\n<p>Grafik\u00a0 hochladen und anschliessend in Artikel schreiben im<\/p>\n<p>Artikel mit einbinden.<\/p>\n<p>&nbsp;<\/p>\n<p>Nun noch etwas hilfe als Grafiken, als erstes sieht man hier das Frontend<\/p>\n<p><a rel=\"attachment wp-att-155\" href=\"http:\/\/future-forever.de\/?attachment_id=155\"><img loading=\"lazy\" decoding=\"async\" title=\"k-cats1\" src=\"http:\/\/future-forever.de\/wp-content\/uploads\/2011\/11\/k-cats.jpg\" alt=\"das frontend\" width=\"640\" height=\"480\" \/><\/a><\/p>\n<p>nun das Anmeldefenster<\/p>\n<p><a rel=\"attachment wp-att-90\" href=\"http:\/\/future-forever.de\/?attachment_id=90\"><img loading=\"lazy\" decoding=\"async\" src=\"http:\/\/future-forever.de\/wp-content\/uploads\/2011\/10\/k-drei.jpg\" alt=\"Anmeldefenster\" width=\"640\" height=\"480\" \/><\/a><\/p>\n<p>Und hier ein kleiner Einblick ins Backend, das Dashboard<\/p>\n<p><a rel=\"attachment wp-att-91\" href=\"http:\/\/future-forever.de\/?attachment_id=91\"><img loading=\"lazy\" decoding=\"async\" src=\"http:\/\/future-forever.de\/wp-content\/uploads\/2011\/10\/k-eins.jpg\" alt=\"Dashboard\" width=\"640\" height=\"480\" \/><\/a><\/p>\n<p>&nbsp;<\/p>\n<p>&nbsp;<\/p>\n<p>&nbsp;<\/p>\n<p>&nbsp;<\/p>\n<p>&nbsp;<\/p>\n<p>&nbsp;<\/p>\n<p>&nbsp;<\/p>\n<p>&nbsp;<\/p>\n<p>&nbsp;<\/p>\n<p>Nun viel Spa\u00df beim Bloggen.<\/p>\n","protected":false},"excerpt":{"rendered":"<p>Als erstes muss man sich auf der Plattform anmelden. (Registrieren) Dann anmelden nun habt ihr oben euer Men\u00fcleiste, bei Hinzuf\u00fcgen auf Artikel Klicken, nun kommt ihr ins Dashboard und k\u00f6nnt einen neuen Artikel erstellen.\u00a0 Im linken Bereich k\u00f6nnt ihr nun noch die gew\u00fcnschte Kategorie ausw\u00e4hlen. Jetzt braucht Ihr nur noch auf den blauen Button Publizieren [&hellip;]<\/p>\n","protected":false},"author":2,"featured_media":0,"parent":26,"menu_order":3,"comment_status":"open","ping_status":"open","template":"","meta":{"footnotes":""},"class_list":["post-176","page","type-page","status-publish","hentry"],"_links":{"self":[{"href":"https:\/\/future-forever.de\/index.php?rest_route=\/wp\/v2\/pages\/176"}],"collection":[{"href":"https:\/\/future-forever.de\/index.php?rest_route=\/wp\/v2\/pages"}],"about":[{"href":"https:\/\/future-forever.de\/index.php?rest_route=\/wp\/v2\/types\/page"}],"author":[{"embeddable":true,"href":"https:\/\/future-forever.de\/index.php?rest_route=\/wp\/v2\/users\/2"}],"replies":[{"embeddable":true,"href":"https:\/\/future-forever.de\/index.php?rest_route=%2Fwp%2Fv2%2Fcomments&post=176"}],"version-history":[{"count":4,"href":"https:\/\/future-forever.de\/index.php?rest_route=\/wp\/v2\/pages\/176\/revisions"}],"predecessor-version":[{"id":374,"href":"https:\/\/future-forever.de\/index.php?rest_route=\/wp\/v2\/pages\/176\/revisions\/374"}],"up":[{"embeddable":true,"href":"https:\/\/future-forever.de\/index.php?rest_route=\/wp\/v2\/pages\/26"}],"wp:attachment":[{"href":"https:\/\/future-forever.de\/index.php?rest_route=%2Fwp%2Fv2%2Fmedia&parent=176"}],"curies":[{"name":"wp","href":"https:\/\/api.w.org\/{rel}","templated":true}]}}